{"id":1029,"date":"2024-03-16T11:24:04","date_gmt":"2024-03-16T10:24:04","guid":{"rendered":"https:\/\/meteojodoigne.be\/site\/?page_id=1029"},"modified":"2024-03-16T11:29:20","modified_gmt":"2024-03-16T10:29:20","slug":"previsions-4jours","status":"publish","type":"page","link":"https:\/\/meteojodoigne.be\/site\/previsions-4jours\/","title":{"rendered":"Previsions \u00e0 4 jours"},"content":{"rendered":"\n    \n    <section class=\"u-clearfix u-section-2\" id=\"sec-8bf9\">\n      <div class=\"u-clearfix u-sheet u-sheet-1\">\n        <h5 class=\"u-text u-text-default u-text-1\"> M\u00e9t\u00e9o pr\u00e9visions \u00e0 4 jours pour Jodoigne et sa r\u00e9gion.<\/h5>\n        <p class=\"u-text u-text-default u-text-2\"> Vous trouverez les pr\u00e9visions \u00e0 4 jours ; elles sont r\u00e9alis\u00e9es avec la collaboration de Meteoblue.com et meteojodoigne.be<\/p>\n        <div class=\"u-clearfix u-custom-html u-expanded-width u-custom-html-1\">\n          <iframe src=\"https:\/\/www.meteoblue.com\/fr\/meteo\/widget\/daily\/jodoigne_belgique_2794895?geoloc=fixed&amp;days=4&amp;tempunit=CELSIUS&amp;windunit=KILOMETER_PER_HOUR&amp;precipunit=MILLIMETER&amp;coloured=coloured&amp;pictoicon=0&amp;pictoicon=1&amp;maxtemperature=0&amp;maxtemperature=1&amp;mintemperature=0&amp;mintemperature=1&amp;windspeed=0&amp;windspeed=1&amp;windgust=0&amp;windgust=1&amp;winddirection=0&amp;winddirection=1&amp;uv=0&amp;humidity=0&amp;humidity=1&amp;precipitation=0&amp;precipitation=1&amp;precipitationprobability=0&amp;precipitationprobability=1&amp;spot=0&amp;pressure=0&amp;pressure=1&amp;layout=light\" frameborder=\"0\" scrolling=\"NO\" allowtransparency=\"true\" sandbox=\"allow-same-origin allow-scripts allow-popups allow-popups-to-escape-sandbox\" style=\"width: 216px; height: 420px\"><\/iframe>\n          <div><!-- DO NOT REMOVE THIS LINK -->\n            <a href=\"https:\/\/www.meteoblue.com\/fr\/meteo\/semaine\/jodoigne_belgique_2794895?utm_source=weather_widget&amp;utm_medium=linkus&amp;utm_content=daily&amp;utm_campaign=Weather%2BWidget\" target=\"_blank\" rel=\"noopener\">meteoblue<\/a>\n          <\/div>\n        <\/div>\n      <\/div>\n    <\/section>\n    \n    \n    \n  \n","protected":false},"excerpt":{"rendered":"<p>M\u00e9t\u00e9o pr\u00e9visions \u00e0 4 jours pour Jodoigne et sa r\u00e9gion. Vous trouverez les pr\u00e9visions \u00e0 4 jours ; elles sont r\u00e9alis\u00e9es avec la collaboration de Meteoblue.com et meteojodoigne.be meteoblue<\/p>\n","protected":false},"author":1,"featured_media":0,"parent":0,"menu_order":0,"comment_status":"closed","ping_status":"closed","template":"","meta":{"footnotes":""},"class_list":["post-1029","page","type-page","status-publish","hentry"],"_links":{"self":[{"href":"https:\/\/meteojodoigne.be\/site\/wp-json\/wp\/v2\/pages\/1029","targetHints":{"allow":["GET"]}}],"collection":[{"href":"https:\/\/meteojodoigne.be\/site\/wp-json\/wp\/v2\/pages"}],"about":[{"href":"https:\/\/meteojodoigne.be\/site\/wp-json\/wp\/v2\/types\/page"}],"author":[{"embeddable":true,"href":"https:\/\/meteojodoigne.be\/site\/wp-json\/wp\/v2\/users\/1"}],"replies":[{"embeddable":true,"href":"https:\/\/meteojodoigne.be\/site\/wp-json\/wp\/v2\/comments?post=1029"}],"version-history":[{"count":7,"href":"https:\/\/meteojodoigne.be\/site\/wp-json\/wp\/v2\/pages\/1029\/revisions"}],"predecessor-version":[{"id":1073,"href":"https:\/\/meteojodoigne.be\/site\/wp-json\/wp\/v2\/pages\/1029\/revisions\/1073"}],"wp:attachment":[{"href":"https:\/\/meteojodoigne.be\/site\/wp-json\/wp\/v2\/media?parent=1029"}],"curies":[{"name":"wp","href":"https:\/\/api.w.org\/{rel}","templated":true}]}}