{"id":137,"date":"2020-06-07T13:08:01","date_gmt":"2020-06-07T11:08:01","guid":{"rendered":"https:\/\/meteojodoigne.be\/wp\/?page_id=137"},"modified":"2020-07-19T09:11:21","modified_gmt":"2020-07-19T07:11:21","slug":"releve_station_jodoigne","status":"publish","type":"page","link":"https:\/\/meteojodoigne.be\/site\/releve_station_jodoigne\/","title":{"rendered":"Relev\u00e9s Station de Jodoigne"},"content":{"rendered":"\n    \n    <section class=\"u-align-left u-clearfix u-grey-90 u-section-2\" id=\"sec-c75a\">\n      <div class=\"u-clearfix u-sheet u-sheet-1\">\n        <h5 class=\"u-text u-text-default u-text-1\">Vous trouverez les relev\u00e9s de la station de Jodoigne ; ils sont mis \u00e0 jour via le r\u00e9seau de meteoBelgique.be et vous donne les relev\u00e9s de 15 en 15 minutes, des graphiques pour les derni\u00e8res 24h et le relev\u00e9 des 10 derniers jours.<\/h5>\n        <div class=\"u-clearfix u-custom-html u-custom-html-1\">\n          <iframe loading=\"lazy\" seamless=\"\" src=\"https:\/\/www.meteobelgium.be\/service\/realtime\/new_datastation.php?id=23&amp;language=fr\" scrolling=\"no\" width=\"605\" height=\"2100\" frameborder=\"0\"><\/iframe>\n        <\/div>\n      <\/div>\n    <\/section>\n    \n    \n    \n  \n","protected":false},"excerpt":{"rendered":"<p>Vous trouverez les relev\u00e9s de la station de Jodoigne ; ils sont mis \u00e0 jour via le r\u00e9seau de meteoBelgique.be et vous donne les relev\u00e9s de 15 en 15 minutes, des graphiques pour les derni\u00e8res 24h et le relev\u00e9 des 10 derniers jours.<\/p>\n","protected":false},"author":1,"featured_media":0,"parent":0,"menu_order":0,"comment_status":"closed","ping_status":"closed","template":"","meta":{"footnotes":""},"class_list":["post-137","page","type-page","status-publish","hentry"],"_links":{"self":[{"href":"https:\/\/meteojodoigne.be\/site\/wp-json\/wp\/v2\/pages\/137","targetHints":{"allow":["GET"]}}],"collection":[{"href":"https:\/\/meteojodoigne.be\/site\/wp-json\/wp\/v2\/pages"}],"about":[{"href":"https:\/\/meteojodoigne.be\/site\/wp-json\/wp\/v2\/types\/page"}],"author":[{"embeddable":true,"href":"https:\/\/meteojodoigne.be\/site\/wp-json\/wp\/v2\/users\/1"}],"replies":[{"embeddable":true,"href":"https:\/\/meteojodoigne.be\/site\/wp-json\/wp\/v2\/comments?post=137"}],"version-history":[{"count":9,"href":"https:\/\/meteojodoigne.be\/site\/wp-json\/wp\/v2\/pages\/137\/revisions"}],"predecessor-version":[{"id":426,"href":"https:\/\/meteojodoigne.be\/site\/wp-json\/wp\/v2\/pages\/137\/revisions\/426"}],"wp:attachment":[{"href":"https:\/\/meteojodoigne.be\/site\/wp-json\/wp\/v2\/media?parent=137"}],"curies":[{"name":"wp","href":"https:\/\/api.w.org\/{rel}","templated":true}]}}