{"id":349,"date":"2020-07-17T14:13:04","date_gmt":"2020-07-17T12:13:04","guid":{"rendered":"https:\/\/meteojodoigne.be\/wp\/?page_id=349"},"modified":"2020-07-21T15:04:06","modified_gmt":"2020-07-21T13:04:06","slug":"radar-pluieneige-fr-be","status":"publish","type":"page","link":"https:\/\/meteojodoigne.be\/site\/radar-pluieneige-fr-be\/","title":{"rendered":"Radar PluieNeige &#8211; Fr &#8211; Be"},"content":{"rendered":"\n    \n    <section class=\"u-clearfix u-grey-90 u-section-2\" id=\"sec-a02b\">\n      <div class=\"u-clearfix u-sheet u-sheet-1\">\n        <h5 class=\"u-text u-text-default u-text-1\">Radar: Pluie\/Neige - France - Belgique<\/h5>\n        <p class=\"u-text u-text-default u-text-2\">Radar: Pluie Neige avec la collaboration et l'autorisation de \"meteociel\"<br>\n          <br>Pour la neige, la couleur rouge est de mise et selon l'intensit\u00e9 on partira du rose vers le rouge plus fonc\u00e9.<br>\n          <br>Pour la pluie, il en est de m\u00eame mais avec la couleur verte. (il y a une heure de de d\u00e9calage pour le traitement des donn\u00e9es)\n        <\/p>\n        <img decoding=\"async\" src=\"https:\/\/www.meteociel.fr\/cartes_obs\/radar\/lastsnowradar_ne.gif\" alt=\"\" class=\"u-image u-image-default u-image-1\" data-image-width=\"768\" data-image-height=\"768\">\n      <\/div>\n    <\/section>\n    \n    \n    \n  \n","protected":false},"excerpt":{"rendered":"<p>Radar: Pluie\/Neige &#8211; France &#8211; Belgique Radar: Pluie Neige avec la collaboration et l&rsquo;autorisation de \u00ab\u00a0meteociel\u00a0\u00bb Pour la neige, la couleur rouge est de mise et selon l&rsquo;intensit\u00e9 on partira du rose vers le rouge plus fonc\u00e9. Pour la pluie, il en est de m\u00eame mais avec la couleur verte. (il y a une heure &hellip; <a href=\"https:\/\/meteojodoigne.be\/site\/radar-pluieneige-fr-be\/\" class=\"more-link\">Continue reading<span class=\"screen-reader-text\"> \u00ab\u00a0Radar PluieNeige &#8211; Fr &#8211; Be\u00a0\u00bb<\/span><\/a><\/p>\n","protected":false},"author":1,"featured_media":0,"parent":0,"menu_order":0,"comment_status":"closed","ping_status":"closed","template":"","meta":{"footnotes":""},"class_list":["post-349","page","type-page","status-publish","hentry"],"_links":{"self":[{"href":"https:\/\/meteojodoigne.be\/site\/wp-json\/wp\/v2\/pages\/349","targetHints":{"allow":["GET"]}}],"collection":[{"href":"https:\/\/meteojodoigne.be\/site\/wp-json\/wp\/v2\/pages"}],"about":[{"href":"https:\/\/meteojodoigne.be\/site\/wp-json\/wp\/v2\/types\/page"}],"author":[{"embeddable":true,"href":"https:\/\/meteojodoigne.be\/site\/wp-json\/wp\/v2\/users\/1"}],"replies":[{"embeddable":true,"href":"https:\/\/meteojodoigne.be\/site\/wp-json\/wp\/v2\/comments?post=349"}],"version-history":[{"count":7,"href":"https:\/\/meteojodoigne.be\/site\/wp-json\/wp\/v2\/pages\/349\/revisions"}],"predecessor-version":[{"id":379,"href":"https:\/\/meteojodoigne.be\/site\/wp-json\/wp\/v2\/pages\/349\/revisions\/379"}],"wp:attachment":[{"href":"https:\/\/meteojodoigne.be\/site\/wp-json\/wp\/v2\/media?parent=349"}],"curies":[{"name":"wp","href":"https:\/\/api.w.org\/{rel}","templated":true}]}}