{"id":453,"date":"2020-07-20T12:03:55","date_gmt":"2020-07-20T10:03:55","guid":{"rendered":"https:\/\/meteojodoigne.be\/wp\/?page_id=453"},"modified":"2021-07-13T12:42:00","modified_gmt":"2021-07-13T10:42:00","slug":"vigilance-bw","status":"publish","type":"page","link":"https:\/\/meteojodoigne.be\/site\/vigilance-bw\/","title":{"rendered":"vigilance BW"},"content":{"rendered":"\n    \n    <section class=\"u-clearfix u-grey-90 u-section-2\" id=\"sec-7e64\">\n      <div class=\"u-clearfix u-sheet u-sheet-1\">\n        <h5 class=\"u-text u-text-1\">Vigilance pour le Brabant Wallon<\/h5>\n        <p class=\"u-text u-text-2\">Cette carte est produite par \"meteo-info\", elle couvre la r\u00e9gion du Brabant Wallon et nous apporte la situation au sujet des ph\u00e9nom\u00e8nes m\u00e9t\u00e9orologiques dangereux. Elle compl\u00e8te la carte vigilance produite par 'meteoalarme' (onglet suivant 'vigilance Belgique').<\/p>\n        <div class=\"u-clearfix u-custom-html u-custom-html-1\">\n          <iframe loading=\"lazy\" src=\"https:\/\/meteojodoigne.be\/site\/vigilance_bw.php\" allowtransparency=\"true\" scrolling=\"no\" marginwidth=\"0\" marginheight=\"0\" width=\"500\" height=\"500\" frameborder=\"0\" align=\"middle\"><\/iframe>\n        <\/div>\n        <p class=\"u-text u-text-3\">L\u00e9gende:<br>- en VERT: aucune alerte.<br>- en VERT FONCE: alerte activ\u00e9e.<br>- en JAUNE: pr\u00e9 alerte en cours.<br>- en ORANGE: alerte intemp\u00e9ries mod\u00e9r\u00e9es.<br>- en ROUGE : alerte fortes intemp\u00e9ries.<br>- en VIOLET: alerte violentes intemp\u00e9ries. \n        <\/p>\n      <\/div>\n    <\/section>\n    \n    \n  \n","protected":false},"excerpt":{"rendered":"<p>Vigilance pour le Brabant Wallon Cette carte est produite par \u00ab\u00a0meteo-info\u00a0\u00bb, elle couvre la r\u00e9gion du Brabant Wallon et nous apporte la situation au sujet des ph\u00e9nom\u00e8nes m\u00e9t\u00e9orologiques dangereux. Elle compl\u00e8te la carte vigilance produite par &lsquo;meteoalarme&rsquo; (onglet suivant &lsquo;vigilance Belgique&rsquo;). L\u00e9gende:- en VERT: aucune alerte.- en VERT FONCE: alerte activ\u00e9e.- en JAUNE: pr\u00e9 alerte &hellip; <a href=\"https:\/\/meteojodoigne.be\/site\/vigilance-bw\/\" class=\"more-link\">Continue reading<span class=\"screen-reader-text\"> \u00ab\u00a0vigilance BW\u00a0\u00bb<\/span><\/a><\/p>\n","protected":false},"author":1,"featured_media":0,"parent":0,"menu_order":0,"comment_status":"closed","ping_status":"closed","template":"","meta":{"footnotes":""},"class_list":["post-453","page","type-page","status-publish","hentry"],"_links":{"self":[{"href":"https:\/\/meteojodoigne.be\/site\/wp-json\/wp\/v2\/pages\/453","targetHints":{"allow":["GET"]}}],"collection":[{"href":"https:\/\/meteojodoigne.be\/site\/wp-json\/wp\/v2\/pages"}],"about":[{"href":"https:\/\/meteojodoigne.be\/site\/wp-json\/wp\/v2\/types\/page"}],"author":[{"embeddable":true,"href":"https:\/\/meteojodoigne.be\/site\/wp-json\/wp\/v2\/users\/1"}],"replies":[{"embeddable":true,"href":"https:\/\/meteojodoigne.be\/site\/wp-json\/wp\/v2\/comments?post=453"}],"version-history":[{"count":12,"href":"https:\/\/meteojodoigne.be\/site\/wp-json\/wp\/v2\/pages\/453\/revisions"}],"predecessor-version":[{"id":850,"href":"https:\/\/meteojodoigne.be\/site\/wp-json\/wp\/v2\/pages\/453\/revisions\/850"}],"wp:attachment":[{"href":"https:\/\/meteojodoigne.be\/site\/wp-json\/wp\/v2\/media?parent=453"}],"curies":[{"name":"wp","href":"https:\/\/api.w.org\/{rel}","templated":true}]}}