{"id":465,"date":"2020-07-20T12:03:42","date_gmt":"2020-07-20T10:03:42","guid":{"rendered":"https:\/\/meteojodoigne.be\/wp\/?page_id=465"},"modified":"2020-07-20T12:03:42","modified_gmt":"2020-07-20T10:03:42","slug":"vigilance-meteobelgique","status":"publish","type":"page","link":"https:\/\/meteojodoigne.be\/site\/vigilance-meteobelgique\/","title":{"rendered":"Vigilance METEOBELGIQUE"},"content":{"rendered":"\n    \n    <section class=\"u-clearfix u-grey-90 u-section-2\" id=\"sec-a166\">\n      <div class=\"u-clearfix u-sheet u-sheet-1\">\n        <h5 class=\"u-text u-text-default u-text-1\">Vigilance METEOBELGIQUE<\/h5>\n        <p class=\"u-text u-text-default u-text-2\">Vous trouverez ici, la vigilance M\u00e9t\u00e9o propos\u00e9e par 'Meteobelgique.be', celle-ci fait l'objet d'un suivi r\u00e9gulier pendant l'\u00e9v\u00e8nement et est susceptible d'\u00eatre modifi\u00e9e<\/p>\n        <div class=\"u-clearfix u-custom-html u-custom-html-1\">\n          <iframe loading=\"lazy\" src=\"https:\/\/www.meteobelgium.be\/service\/4days\/index.php?code=1370&amp;type=city&amp;lang=fr&amp;css=https:\/\/www.meteobelgium.be\/service\/4days\/sample2.css\" allowtransparency=\"true\" scrolling=\"no\" marginwidth=\"0\" marginheight=\"0\" width=\"300\" height=\"250\" frameborder=\"0\" align=\"middle\"> <a href=\"https:\/\/www.meteobelgique.be\" target=\"_new\">meteobelgique.be<\/a> <\/iframe>\n        <\/div>\n      <\/div>\n    <\/section>\n    \n    \n    \n  \n","protected":false},"excerpt":{"rendered":"<p>Vigilance METEOBELGIQUE Vous trouverez ici, la vigilance M\u00e9t\u00e9o propos\u00e9e par &lsquo;Meteobelgique.be&rsquo;, celle-ci fait l&rsquo;objet d&rsquo;un suivi r\u00e9gulier pendant l&rsquo;\u00e9v\u00e8nement et est susceptible d&rsquo;\u00eatre modifi\u00e9e meteobelgique.be<\/p>\n","protected":false},"author":1,"featured_media":0,"parent":0,"menu_order":0,"comment_status":"closed","ping_status":"closed","template":"","meta":{"footnotes":""},"class_list":["post-465","page","type-page","status-publish","hentry"],"_links":{"self":[{"href":"https:\/\/meteojodoigne.be\/site\/wp-json\/wp\/v2\/pages\/465","targetHints":{"allow":["GET"]}}],"collection":[{"href":"https:\/\/meteojodoigne.be\/site\/wp-json\/wp\/v2\/pages"}],"about":[{"href":"https:\/\/meteojodoigne.be\/site\/wp-json\/wp\/v2\/types\/page"}],"author":[{"embeddable":true,"href":"https:\/\/meteojodoigne.be\/site\/wp-json\/wp\/v2\/users\/1"}],"replies":[{"embeddable":true,"href":"https:\/\/meteojodoigne.be\/site\/wp-json\/wp\/v2\/comments?post=465"}],"version-history":[{"count":7,"href":"https:\/\/meteojodoigne.be\/site\/wp-json\/wp\/v2\/pages\/465\/revisions"}],"predecessor-version":[{"id":490,"href":"https:\/\/meteojodoigne.be\/site\/wp-json\/wp\/v2\/pages\/465\/revisions\/490"}],"wp:attachment":[{"href":"https:\/\/meteojodoigne.be\/site\/wp-json\/wp\/v2\/media?parent=465"}],"curies":[{"name":"wp","href":"https:\/\/api.w.org\/{rel}","templated":true}]}}