{"id":512,"date":"2020-07-20T12:40:17","date_gmt":"2020-07-20T10:40:17","guid":{"rendered":"https:\/\/meteojodoigne.be\/wp\/?page_id=512"},"modified":"2020-07-20T12:49:33","modified_gmt":"2020-07-20T10:49:33","slug":"localisation-des-orages","status":"publish","type":"page","link":"https:\/\/meteojodoigne.be\/site\/localisation-des-orages\/","title":{"rendered":"Localisation des orages"},"content":{"rendered":"\n    \n    <section class=\"u-clearfix u-grey-90 u-section-2\" id=\"sec-5a9e\">\n      <div class=\"u-clearfix u-sheet u-sheet-1\">\n        <h5 class=\"u-text u-text-default u-text-1\">Localisation probable des orages<\/h5>\n        <p class=\"u-text u-text-default u-text-2\">Estofex (European Storm Forecast Experiment) Ce centre exp\u00e9rimental Europ\u00e9en pour la pr\u00e9vision des orages a \u00e9t\u00e9 cr\u00e9\u00e9 \u00e0 l'initiative de m\u00e9t\u00e9orologues et sert de plateforme d'\u00e9changes.<br>\n          <br>L\u00e9gende:<br>\n          <br>- ORANGE: orage faible (0 \u00e0 5% de risque s\u00e9v\u00e8re)<br>\n          <br>- ROUGE: orage pouvant \u00eatre violent (15% de risque s\u00e9v\u00e8re)<br>\n          <br>- VIOLET: orage pouvant \u00eatre extr\u00eamement violent.<br>\n          <br>Trait jaune fin: probabilit\u00e9 (15%) d'\u00e9clairs s\u00e9par\u00e9s dans un rayon de 40 km;<br>\n          <br>Trait jaune gras: probabilit\u00e9 (50%) d'\u00e9clairs s\u00e9par\u00e9s dans un rayon de 40 km.\n        <\/p>\n        <div class=\"u-clearfix u-custom-html u-custom-html-1\">\n          <iframe loading=\"lazy\" src=\"https:\/\/estofex.org\/cgi-bin\/polygon\/showforecast.cgi?lightningmap=yes\" allowtransparency=\"true\" scrolling=\"no\" marginwidth=\"0\" marginheight=\"0\" width=\"830\" height=\"810\" frameborder=\"0\" align=\"middle\"><\/div><\/iframe>\n        <\/div>\n      <\/div>\n    <\/section>\n    \n    \n    \n  \n","protected":false},"excerpt":{"rendered":"<p>Localisation probable des orages Estofex (European Storm Forecast Experiment) Ce centre exp\u00e9rimental Europ\u00e9en pour la pr\u00e9vision des orages a \u00e9t\u00e9 cr\u00e9\u00e9 \u00e0 l&rsquo;initiative de m\u00e9t\u00e9orologues et sert de plateforme d&rsquo;\u00e9changes. L\u00e9gende: &#8211; ORANGE: orage faible (0 \u00e0 5% de risque s\u00e9v\u00e8re) &#8211; ROUGE: orage pouvant \u00eatre violent (15% de risque s\u00e9v\u00e8re) &#8211; VIOLET: orage pouvant &hellip; <a href=\"https:\/\/meteojodoigne.be\/site\/localisation-des-orages\/\" class=\"more-link\">Continue reading<span class=\"screen-reader-text\"> \u00ab\u00a0Localisation des orages\u00a0\u00bb<\/span><\/a><\/p>\n","protected":false},"author":1,"featured_media":0,"parent":0,"menu_order":0,"comment_status":"closed","ping_status":"closed","template":"","meta":{"footnotes":""},"class_list":["post-512","page","type-page","status-publish","hentry"],"_links":{"self":[{"href":"https:\/\/meteojodoigne.be\/site\/wp-json\/wp\/v2\/pages\/512","targetHints":{"allow":["GET"]}}],"collection":[{"href":"https:\/\/meteojodoigne.be\/site\/wp-json\/wp\/v2\/pages"}],"about":[{"href":"https:\/\/meteojodoigne.be\/site\/wp-json\/wp\/v2\/types\/page"}],"author":[{"embeddable":true,"href":"https:\/\/meteojodoigne.be\/site\/wp-json\/wp\/v2\/users\/1"}],"replies":[{"embeddable":true,"href":"https:\/\/meteojodoigne.be\/site\/wp-json\/wp\/v2\/comments?post=512"}],"version-history":[{"count":8,"href":"https:\/\/meteojodoigne.be\/site\/wp-json\/wp\/v2\/pages\/512\/revisions"}],"predecessor-version":[{"id":550,"href":"https:\/\/meteojodoigne.be\/site\/wp-json\/wp\/v2\/pages\/512\/revisions\/550"}],"wp:attachment":[{"href":"https:\/\/meteojodoigne.be\/site\/wp-json\/wp\/v2\/media?parent=512"}],"curies":[{"name":"wp","href":"https:\/\/api.w.org\/{rel}","templated":true}]}}