{"id":585,"date":"2020-09-14T13:42:40","date_gmt":"2020-09-14T11:42:40","guid":{"rendered":"https:\/\/meteojodoigne.be\/wp\/?page_id=585"},"modified":"2021-01-31T13:44:20","modified_gmt":"2021-01-31T12:44:20","slug":"archives-releves-mensuels","status":"publish","type":"page","link":"https:\/\/meteojodoigne.be\/site\/archives-releves-mensuels\/","title":{"rendered":"Archives relev\u00e9s mensuels"},"content":{"rendered":"\n    \n    <section class=\"u-clearfix u-section-2\" id=\"sec-89c0\">\n      <div class=\"u-clearfix u-sheet u-sheet-1\">\n        <h5 class=\"u-text u-text-1\">Archives: relev\u00e9s mensuels de la station<\/h5>\n        <p class=\"u-text u-text-2\">Vous trouverez sur cette page les donn\u00e9es de notre station de d\u00e9cembre 2011 \u00e0 d\u00e9cembre 2020 soit mensuellement soit annuellement.<\/p>\n        <div class=\"u-clearfix u-custom-html u-custom-html-1\">\n          <iframe loading=\"lazy\" src=\"https:\/\/www.meteojodoigne.be\/site\/NOAA\/rapports-mensuels.php\" allowtransparency=\"true\" scrolling=\"no\" marginwidth=\"0\" marginheight=\"0\" width=\"900\" height=\"880\" frameborder=\"0\" align=\"middle\"><\/iframe>\n        <\/div>\n      <\/div>\n    <\/section>\n    \n    \n  \n","protected":false},"excerpt":{"rendered":"<p>Archives: relev\u00e9s mensuels de la station Vous trouverez sur cette page les donn\u00e9es de notre station de d\u00e9cembre 2011 \u00e0 d\u00e9cembre 2020 soit mensuellement soit annuellement.<\/p>\n","protected":false},"author":1,"featured_media":0,"parent":0,"menu_order":0,"comment_status":"closed","ping_status":"closed","template":"","meta":{"footnotes":""},"class_list":["post-585","page","type-page","status-publish","hentry"],"_links":{"self":[{"href":"https:\/\/meteojodoigne.be\/site\/wp-json\/wp\/v2\/pages\/585","targetHints":{"allow":["GET"]}}],"collection":[{"href":"https:\/\/meteojodoigne.be\/site\/wp-json\/wp\/v2\/pages"}],"about":[{"href":"https:\/\/meteojodoigne.be\/site\/wp-json\/wp\/v2\/types\/page"}],"author":[{"embeddable":true,"href":"https:\/\/meteojodoigne.be\/site\/wp-json\/wp\/v2\/users\/1"}],"replies":[{"embeddable":true,"href":"https:\/\/meteojodoigne.be\/site\/wp-json\/wp\/v2\/comments?post=585"}],"version-history":[{"count":5,"href":"https:\/\/meteojodoigne.be\/site\/wp-json\/wp\/v2\/pages\/585\/revisions"}],"predecessor-version":[{"id":777,"href":"https:\/\/meteojodoigne.be\/site\/wp-json\/wp\/v2\/pages\/585\/revisions\/777"}],"wp:attachment":[{"href":"https:\/\/meteojodoigne.be\/site\/wp-json\/wp\/v2\/media?parent=585"}],"curies":[{"name":"wp","href":"https:\/\/api.w.org\/{rel}","templated":true}]}}