{"id":595,"date":"2020-09-14T14:46:17","date_gmt":"2020-09-14T12:46:17","guid":{"rendered":"https:\/\/meteojodoigne.be\/wp\/?page_id=595"},"modified":"2020-09-14T14:52:36","modified_gmt":"2020-09-14T12:52:36","slug":"la-connaissance-de-la-foudre","status":"publish","type":"page","link":"https:\/\/meteojodoigne.be\/site\/la-connaissance-de-la-foudre\/","title":{"rendered":"La connaissance de la foudre"},"content":{"rendered":"\n    \n    <section class=\"u-clearfix u-grey-80 u-section-2\" id=\"sec-4eb3\">\n      <div class=\"u-clearfix u-sheet u-sheet-1\">\n        <h5 class=\"u-text u-text-default u-text-1\">La connaissance de la foudre<\/h5>\n        <div class=\"u-clearfix u-custom-html u-custom-html-1\">\n          <iframe loading=\"lazy\" src=\"https:\/\/www.youtube.com\/embed\/dZ8oNtBQBXQ\" allow=\"accelerometer; autoplay; encrypted-media; gyroscope; picture-in-picture\" allowfullscreen=\"\" width=\"560\" height=\"315\" frameborder=\"0\"><\/iframe>\n        <\/div>\n        <p class=\"u-text u-text-2\">Le site de Belgorage nous apporte un t\u00e9moignage  d'une sommit\u00e9 mondiale, le Professeur Christian Bouquegneau (Ing. Civil \u00e9lectricien et ing. en sciences nucl\u00e9aires, ancien recteur de la Facult\u00e9 Polytechnique de Mons, Pr\u00e9sident du conseil scientifique de l'IRM...) Il nous d\u00e9cortique \"l'\u00e9l\u00e9ment foudre\"  de fa\u00e7on syst\u00e9matique , illustrant \u00e0 souhait les questions que nous nous posons lorsque la foudre ...gronde...<\/p>\n      <\/div>\n    <\/section>\n    \n    \n    \n  \n","protected":false},"excerpt":{"rendered":"<p>La connaissance de la foudre Le site de Belgorage nous apporte un t\u00e9moignage d&rsquo;une sommit\u00e9 mondiale, le Professeur Christian Bouquegneau (Ing. Civil \u00e9lectricien et ing. en sciences nucl\u00e9aires, ancien recteur de la Facult\u00e9 Polytechnique de Mons, Pr\u00e9sident du conseil scientifique de l&rsquo;IRM&#8230;) Il nous d\u00e9cortique \u00ab\u00a0l&rsquo;\u00e9l\u00e9ment foudre\u00a0\u00bb de fa\u00e7on syst\u00e9matique , illustrant \u00e0 souhait les &hellip; <a href=\"https:\/\/meteojodoigne.be\/site\/la-connaissance-de-la-foudre\/\" class=\"more-link\">Continue reading<span class=\"screen-reader-text\"> \u00ab\u00a0La connaissance de la foudre\u00a0\u00bb<\/span><\/a><\/p>\n","protected":false},"author":1,"featured_media":0,"parent":0,"menu_order":0,"comment_status":"closed","ping_status":"closed","template":"","meta":{"footnotes":""},"class_list":["post-595","page","type-page","status-publish","hentry"],"_links":{"self":[{"href":"https:\/\/meteojodoigne.be\/site\/wp-json\/wp\/v2\/pages\/595","targetHints":{"allow":["GET"]}}],"collection":[{"href":"https:\/\/meteojodoigne.be\/site\/wp-json\/wp\/v2\/pages"}],"about":[{"href":"https:\/\/meteojodoigne.be\/site\/wp-json\/wp\/v2\/types\/page"}],"author":[{"embeddable":true,"href":"https:\/\/meteojodoigne.be\/site\/wp-json\/wp\/v2\/users\/1"}],"replies":[{"embeddable":true,"href":"https:\/\/meteojodoigne.be\/site\/wp-json\/wp\/v2\/comments?post=595"}],"version-history":[{"count":3,"href":"https:\/\/meteojodoigne.be\/site\/wp-json\/wp\/v2\/pages\/595\/revisions"}],"predecessor-version":[{"id":666,"href":"https:\/\/meteojodoigne.be\/site\/wp-json\/wp\/v2\/pages\/595\/revisions\/666"}],"wp:attachment":[{"href":"https:\/\/meteojodoigne.be\/site\/wp-json\/wp\/v2\/media?parent=595"}],"curies":[{"name":"wp","href":"https:\/\/api.w.org\/{rel}","templated":true}]}}