{"id":773,"date":"2021-01-31T13:40:59","date_gmt":"2021-01-31T12:40:59","guid":{"rendered":"https:\/\/meteojodoigne.be\/site\/?page_id=773"},"modified":"2021-01-31T13:40:59","modified_gmt":"2021-01-31T12:40:59","slug":"climatologie-analyse-donnees","status":"publish","type":"page","link":"https:\/\/meteojodoigne.be\/site\/climatologie-analyse-donnees\/","title":{"rendered":"Climatologie analyse donnees"},"content":{"rendered":"\n    \n    <section class=\"u-clearfix u-section-2\" id=\"sec-0540\">\n      <div class=\"u-clearfix u-sheet u-sheet-1\">\n        <h5 class=\"u-text u-text-default u-text-1\">La climatologie et l'analyse des donn\u00e9es de la station de notre r\u00e9gion<br>\n        <\/h5>\n        <p class=\"u-text u-text-default u-text-2\">L\u2019analyse des donn\u00e9es de notre station est r\u00e9alis\u00e9e chaque jour par un logiciel con\u00e7u par Cl\u00e9ment Delande (MeteoM\u00e9lin).<\/p>\n        <div class=\"u-clearfix u-custom-html u-custom-html-1\">\n          <iframe loading=\"lazy\" src=\"https:\/\/jodoigne.cdhost.be\/noaa\" allowtransparency=\"true\" scrolling=\"no\" marginwidth=\"0\" marginheight=\"0\" width=\"950\" height=\"2870\" frameborder=\"0\" align=\"middle\"><\/iframe>\n        <\/div>\n      <\/div>\n    <\/section>\n    \n    \n  \n","protected":false},"excerpt":{"rendered":"<p>La climatologie et l&rsquo;analyse des donn\u00e9es de la station de notre r\u00e9gion L\u2019analyse des donn\u00e9es de notre station est r\u00e9alis\u00e9e chaque jour par un logiciel con\u00e7u par Cl\u00e9ment Delande (MeteoM\u00e9lin).<\/p>\n","protected":false},"author":1,"featured_media":0,"parent":0,"menu_order":0,"comment_status":"closed","ping_status":"closed","template":"","meta":{"footnotes":""},"class_list":["post-773","page","type-page","status-publish","hentry"],"_links":{"self":[{"href":"https:\/\/meteojodoigne.be\/site\/wp-json\/wp\/v2\/pages\/773","targetHints":{"allow":["GET"]}}],"collection":[{"href":"https:\/\/meteojodoigne.be\/site\/wp-json\/wp\/v2\/pages"}],"about":[{"href":"https:\/\/meteojodoigne.be\/site\/wp-json\/wp\/v2\/types\/page"}],"author":[{"embeddable":true,"href":"https:\/\/meteojodoigne.be\/site\/wp-json\/wp\/v2\/users\/1"}],"replies":[{"embeddable":true,"href":"https:\/\/meteojodoigne.be\/site\/wp-json\/wp\/v2\/comments?post=773"}],"version-history":[{"count":3,"href":"https:\/\/meteojodoigne.be\/site\/wp-json\/wp\/v2\/pages\/773\/revisions"}],"predecessor-version":[{"id":776,"href":"https:\/\/meteojodoigne.be\/site\/wp-json\/wp\/v2\/pages\/773\/revisions\/776"}],"wp:attachment":[{"href":"https:\/\/meteojodoigne.be\/site\/wp-json\/wp\/v2\/media?parent=773"}],"curies":[{"name":"wp","href":"https:\/\/api.w.org\/{rel}","templated":true}]}}